{"id":8,"date":"2018-02-27T11:47:58","date_gmt":"2018-02-27T11:47:58","guid":{"rendered":"http:\/\/praxis-halle-sued.de\/?page_id=8"},"modified":"2021-06-30T13:56:19","modified_gmt":"2021-06-30T13:56:19","slug":"impressum","status":"publish","type":"page","link":"http:\/\/praxis-halle-sued.de\/?page_id=8","title":{"rendered":"Impressum"},"content":{"rendered":"<p class=\"Stil21 Stil22\" align=\"left\"><strong>Name:\u00a0<\/strong><br \/>\nPraxis f\u00fcr Allgemeinmedizin<br \/>\nMaria Taday<\/p>\n<p class=\"Stil21 Stil22\"><strong>Praxisanschrift:<\/strong><br \/>\n<span class=\"Stil5\">S\u00fcdstadtring 90d<br \/>\n06128 Halle<\/span><\/p>\n<p class=\"Stil5\">Telefon: 0345-7709337<br \/>\nFax: 0345-1211767<\/p>\n<p class=\"Stil5\">E-Mail: info@praxis-halle-sued.de<\/p>\n<p class=\"Stil21 Stil22\"><strong>Gesetzliche Berufsbezeichnung:<\/strong><br \/>\n\u00c4rztin (Maria Taday)<br \/>\nStaat: Bundesrepublik Deutschland<\/p>\n<p class=\"Stil21 Stil22\"><strong>\u00c4rztekammer:<\/strong><br \/>\n\u00c4rztekammer Sachsen-Anhalt<br \/>\nLandesgesch\u00e4ftsstelle und<br \/>\nGesch\u00e4ftsstelle Magdeburg<br \/>\nDoctor-Eisenbart-Ring 2<br \/>\n39120 Magdeburg<br \/>\nwww.aeksa.de<\/p>\n<p class=\"Stil21 Stil22\"><strong>Kassen\u00e4rztliche Vereinigung:<\/strong><br \/>\nKassen\u00e4rztliche Vereinigung Sachsen-Anhalt (KVSA)<br \/>\nDoctor-Eisenbart-Ring 2<br \/>\n39120 Magdeburg<\/p>\n<p class=\"Stil21 Stil22\">Tel: (03 91) 6 27 &#8211; 60 00<br \/>\nFax: (03 91) 6 27 &#8211; 89 99<\/p>\n<p class=\"Stil21 Stil22\">info@kvsa.de<br \/>\nwww.kvsa.de<\/p>\n<p class=\"Stil21 Stil22\"><strong>Berufsrechtliche Regelungen:<\/strong><br \/>\nBerufsordnung der \u00c4rztekammer Sachsen-Anhalt, nachzulesen auf der Website: www.aeksa.de<\/p>\n<h3>Disclaimer<\/h3>\n<p class=\"Stil21 Stil22\"><strong>Haftung f\u00fcr Inhalte<\/strong><br \/>\nDie Inhalte unserer Seiten wurden von uns mit gr\u00f6\u00dfter Sorgfalt erstellt. F\u00fcr die Richtigkeit, Vollst\u00e4ndigkeit und Aktualit\u00e4t der Inhalte k\u00f6nnen wir jedoch keine Gew\u00e4hr \u00fcbernehmen.<br \/>\nAls Diensteanbieter sind wir gem\u00e4\u00df \u00a7 6 Abs.1 MDStV und \u00a7 8 Abs.1 TDG f\u00fcr eigene Inhalte auf diesen Seiten nach den allgemeinen Gesetzen verantwortlich und dies ist f\u00fcr uns als \u00c4rzte selbstverst\u00e4ndlich. Jedoch sind Diensteanbieter nicht verpflichtet, die von ihnen \u00fcbermittelten oder gespeicherten fremden Informationen zu \u00fcberwachen oder nach Umst\u00e4nden zu forschen, die auf eine rechtswidrige T\u00e4tigkeit hinweisen. Verpflichtungen zur Entfernung oder Sperrung der Nutzung von Informationen nach den allgemeinen Gesetzen bleiben hiervon unber\u00fchrt. Eine diesbez\u00fcgliche Haftung ist jedoch erst ab dem Zeitpunkt der Kenntnis einer konkreten Rechtsverletzung m\u00f6glich. Bei bekannt werden von entsprechenden Rechtsverletzungen werden wir diese Inhalte umgehend entfernen.<\/p>\n<p class=\"Stil21 Stil22\"><strong>Haftung f\u00fcr Links<\/strong><br \/>\nUnser Angebot enth\u00e4lt Links zu externen Webseiten Dritter, auf deren Inhalte wir keinen Einfluss haben. Obwohl wir unsere Links mit gr\u00f6\u00dftm\u00f6glicher Sorgfallt ausw\u00e4hlen, k\u00f6nnen wir f\u00fcr diese fremden Inhalte auch keine Gew\u00e4hr \u00fcbernehmen. F\u00fcr die Inhalte der verlinkten Seiten ist stets der jeweilige Anbieter oder Betreiber der Seiten verantwortlich. Die verlinkten Seiten wurden zum Zeitpunkt der Verlinkung auf m\u00f6gliche Rechtsverst\u00f6\u00dfe \u00fcberpr\u00fcft.<br \/>\nRechtswidrige Inhalte waren zum Zeitpunkt der Verlinkung nicht erkennbar. Eine permanente inhaltliche Kontrolle der verlinkten Seiten ist jedoch ohne konkrete Anhaltspunkte einer Rechtsverletzung nicht zumutbar. Bei bekannt werden von Rechtsverletzungen werden wir derartige Links selbstverst\u00e4ndlich umgehend entfernen.<\/p>\n<p class=\"Stil21 Stil22\"><strong>Datenschutz<\/strong><br \/>\nDer Nutzung von im Rahmen der Impressumspflicht ver\u00f6ffentlichten Kontaktdaten durch Dritte zur \u00dcbersendung von nicht ausdr\u00fccklich angeforderter Werbung und Informationsmaterialien wird hiermit ausdr\u00fccklich widersprochen. Die Betreiber der Seiten behalten sich ausdr\u00fccklich rechtliche Schritte im Falle der unverlangten Zusendung von Werbeinformationen, etwa durch Spam-Mails, vor.<\/p>\n","protected":false},"excerpt":{"rendered":"<p>Name:\u00a0 Praxis f\u00fcr Allgemeinmedizin Maria Taday Praxisanschrift: S\u00fcdstadtring 90d 06128 Halle Telefon: 0345-7709337 Fax: 0345-1211767 E-Mail: info@praxis-halle-sued.de Gesetzliche Berufsbezeichnung: \u00c4rztin (Maria Taday) Staat: Bundesrepublik Deutschland \u00c4rztekammer: \u00c4rztekammer Sachsen-Anhalt Landesgesch\u00e4ftsstelle und Gesch\u00e4ftsstelle Magdeburg Doctor-Eisenbart-Ring 2 39120 Magdeburg www.aeksa.de Kassen\u00e4rztliche Vereinigung: Kassen\u00e4rztliche Vereinigung Sachsen-Anhalt (KVSA) Doctor-Eisenbart-Ring 2 39120 Magdeburg Tel: (03 91) 6 27 &#8211; 60 00 &#8230; <a title=\"Impressum\" class=\"read-more\" href=\"http:\/\/praxis-halle-sued.de\/?page_id=8\">Weiterlesen &#8230;<\/a><\/p>\n","protected":false},"author":1,"featured_media":0,"parent":0,"menu_order":0,"comment_status":"closed","ping_status":"closed","template":"","meta":{"generate_page_header":""},"_links":{"self":[{"href":"http:\/\/praxis-halle-sued.de\/index.php?rest_route=\/wp\/v2\/pages\/8"}],"collection":[{"href":"http:\/\/praxis-halle-sued.de\/index.php?rest_route=\/wp\/v2\/pages"}],"about":[{"href":"http:\/\/praxis-halle-sued.de\/index.php?rest_route=\/wp\/v2\/types\/page"}],"author":[{"embeddable":true,"href":"http:\/\/praxis-halle-sued.de\/index.php?rest_route=\/wp\/v2\/users\/1"}],"replies":[{"embeddable":true,"href":"http:\/\/praxis-halle-sued.de\/index.php?rest_route=%2Fwp%2Fv2%2Fcomments&post=8"}],"version-history":[{"count":2,"href":"http:\/\/praxis-halle-sued.de\/index.php?rest_route=\/wp\/v2\/pages\/8\/revisions"}],"predecessor-version":[{"id":294,"href":"http:\/\/praxis-halle-sued.de\/index.php?rest_route=\/wp\/v2\/pages\/8\/revisions\/294"}],"wp:attachment":[{"href":"http:\/\/praxis-halle-sued.de\/index.php?rest_route=%2Fwp%2Fv2%2Fmedia&parent=8"}],"curies":[{"name":"wp","href":"https:\/\/api.w.org\/{rel}","templated":true}]}}