{"id":16,"date":"2018-02-27T13:05:00","date_gmt":"2018-02-27T13:05:00","guid":{"rendered":"http:\/\/praxis-halle-sued.de\/?page_id=16"},"modified":"2026-02-22T23:00:05","modified_gmt":"2026-02-22T23:00:05","slug":"gemeinschaftspraxis","status":"publish","type":"page","link":"http:\/\/praxis-halle-sued.de\/","title":{"rendered":"Home"},"content":{"rendered":"\n<p class=\"has-black-color has-light-green-cyan-background-color has-text-color has-background\" style=\"font-size:24px\">Sie finden uns ab sofort in der Paul- Suhr- Stra\u00dfe 45 im Geb\u00e4ude des Sanit\u00e4tshauses Strehlow! Solang die neuen Praxisr\u00e4ume im EG ausgebaut werden, befindet sich die Praxis im 1. OG- daf\u00fcr sind 22 Stufen zu \u00fcberwinden. Sollte die Treppe ein Hindernis f\u00fcr Sie sein, rufen Sie uns bitte vor Ihrem Besuch an- wir finden eine L\u00f6sung!                                                                                                          <\/p>\n\n\n\n<p><\/p>\n\n\n\n<h2>Liebe Patientinnen und Patienten,<\/h2>\n\n\n\n<p>seit dem Sommer 2021 stehe ich Ihnen zusammen mit meinem Team im S\u00fcden von Halle f\u00fcr die haus\u00e4rztliche Versorgung sehr gern zur Verf\u00fcgung.<\/p>\n\n\n\n<p>Seit August 2025 verst\u00e4rkt und bereichert Franziska Witzmann als haus\u00e4rztliche Kollegin mit langj\u00e4hrigem Erfahrungsschatz unser Team. <\/p>\n\n\n\n<p>Aktuell k\u00f6nnen wir Aufnahmetermine an Neupatient*Innen vergeben.<\/p>\n\n\n\n<p>Herzliche Gr\u00fc\u00dfe, Ihre Maria Taday<\/p>\n\n\n\n<p> <\/p>\n\n\n\n<p><strong><span class=\"has-inline-color has-vivid-red-color\">Liebe Patienten,<\/span><\/strong><\/p>\n\n\n<p>Wir m\u00f6chten uns f\u00fcr Sie und Ihre Gesundheit Zeit nehmen- bitte vereinbaren Sie daf\u00fcr einen Termin.<\/p>\n<p>Wenn Sie akut erkrankt sind, empfangen wir Sie wie gehabt zu den \u00d6ffnungszeiten- bei Erk\u00e4ltungskrankheiten bitte weiterhin mit einer FFP-2- Maske.<\/p>\n<p>Eine gesonderte Anfrage oder Anmeldung per Telefon oder mail<strong><br \/><\/strong>ist dabei NICHT erforderlich. <strong>Annahmeschluss<\/strong> 11:30 Uhr.<br \/>Bei Rezeptw\u00fcnschen oder anderen Anliegen brauchen Sie ebenfalls<strong>\u00a0keine\u00a0<\/strong>vorherige Anfrage per mail\/Tel. stellen, sondern k\u00f6nnen wie gewohnt zur Abholung\/Besprechung\/Untersuchung zu uns kommen.<\/p>\n<p>Ihre <strong>telefonischen Anfragen<\/strong> beantworten wir wie gewohnt zwischen <strong>10:30 und 12.00 Uhr.<\/strong><\/p>\n<p>Au\u00dferhalb dieser Zeit k\u00f6nnen Sie eine Info auf dem Anrufbeantworter hinterlassen oder uns mailen.<\/p>\n<p>Das Notfalltelefon gilt auch weiterhin\u00a0<strong>ausschlie\u00dflich\u00a0<\/strong>f\u00fcr\u00a0<strong>NOTF\u00c4LLE innerhalb der Sprechzeit.<\/strong><\/p>\n<pre><strong>Tel.: 0345-7709337 \nTelefonsprechstunde: Mo-Fr 11.00 Uhr - 12.30 Uhr\u00a0 \nFax: 0345-1211767<\/strong><strong>\nNotfalltelefon f\u00fcr dringende Notf\u00e4lle innerhalb der Sprechzeit: 0345- 1211768<br \/>Mail:<a href=\"mailto:info@praxis-halle-sued.de\"><span style=\"color: #800000;\">info@praxis-halle-sued.de<\/span><\/a><\/strong><\/pre>\n<h3>\u00a0<\/h3>\n<p>\u00a0<\/p>\n<p><strong><br \/><\/strong><strong><br \/><\/strong><\/p>\n\n\n<p><\/p>\n","protected":false},"excerpt":{"rendered":"<p>Sie finden uns ab sofort in der Paul- Suhr- Stra\u00dfe 45 im Geb\u00e4ude des Sanit\u00e4tshauses Strehlow! Solang die neuen Praxisr\u00e4ume im EG ausgebaut werden, befindet sich die Praxis im 1. OG- daf\u00fcr sind 22 Stufen zu \u00fcberwinden. Sollte die Treppe ein Hindernis f\u00fcr Sie sein, rufen Sie uns bitte vor Ihrem Besuch an- wir finden &#8230; <a title=\"Home\" class=\"read-more\" href=\"http:\/\/praxis-halle-sued.de\/\">Weiterlesen &#8230;<\/a><\/p>\n","protected":false},"author":1,"featured_media":0,"parent":0,"menu_order":0,"comment_status":"closed","ping_status":"closed","template":"","meta":{"generate_page_header":""},"_links":{"self":[{"href":"http:\/\/praxis-halle-sued.de\/index.php?rest_route=\/wp\/v2\/pages\/16"}],"collection":[{"href":"http:\/\/praxis-halle-sued.de\/index.php?rest_route=\/wp\/v2\/pages"}],"about":[{"href":"http:\/\/praxis-halle-sued.de\/index.php?rest_route=\/wp\/v2\/types\/page"}],"author":[{"embeddable":true,"href":"http:\/\/praxis-halle-sued.de\/index.php?rest_route=\/wp\/v2\/users\/1"}],"replies":[{"embeddable":true,"href":"http:\/\/praxis-halle-sued.de\/index.php?rest_route=%2Fwp%2Fv2%2Fcomments&post=16"}],"version-history":[{"count":97,"href":"http:\/\/praxis-halle-sued.de\/index.php?rest_route=\/wp\/v2\/pages\/16\/revisions"}],"predecessor-version":[{"id":659,"href":"http:\/\/praxis-halle-sued.de\/index.php?rest_route=\/wp\/v2\/pages\/16\/revisions\/659"}],"wp:attachment":[{"href":"http:\/\/praxis-halle-sued.de\/index.php?rest_route=%2Fwp%2Fv2%2Fmedia&parent=16"}],"curies":[{"name":"wp","href":"https:\/\/api.w.org\/{rel}","templated":true}]}}